{"id":5280,"date":"2024-01-05T08:34:19","date_gmt":"2024-01-05T07:34:19","guid":{"rendered":"https:\/\/hrportal.antstudio.dev\/?page_id=5168"},"modified":"2024-06-06T10:52:20","modified_gmt":"2024-06-06T09:52:20","slug":"prihlasit","status":"publish","type":"page","link":"https:\/\/hrportal.ucet.pluxee.cz\/index.php\/prihlasit\/","title":{"rendered":"P\u0159ihl\u00e1\u0161en\u00ed"},"content":{"rendered":"\t\t<div data-elementor-type=\"wp-page\" data-elementor-id=\"5280\" class=\"elementor elementor-5280\" data-elementor-post-type=\"page\">\n\t\t\t\t<div class=\"elementor-element elementor-element-996a9f6 e-flex e-con-boxed e-con e-parent\" data-id=\"996a9f6\" data-element_type=\"container\" data-settings=\"{&quot;background_background&quot;:&quot;classic&quot;}\">\n\t\t\t\t\t<div class=\"e-con-inner\">\n\t\t<div class=\"elementor-element elementor-element-3da11ae e-con-full e-flex e-con e-child\" data-id=\"3da11ae\" data-element_type=\"container\">\n\t\t\t\t<div class=\"elementor-element elementor-element-1e553a2 elementor-widget elementor-widget-image\" data-id=\"1e553a2\" data-element_type=\"widget\" data-widget_type=\"image.default\">\n\t\t\t\t<div class=\"elementor-widget-container\">\n\t\t\t<style>\/*! elementor - v3.23.0 - 25-07-2024 *\/\n.elementor-widget-image{text-align:center}.elementor-widget-image a{display:inline-block}.elementor-widget-image a img[src$=\".svg\"]{width:48px}.elementor-widget-image img{vertical-align:middle;display:inline-block}<\/style>\t\t\t\t\t\t\t\t\t\t<img decoding=\"async\" src=\"\/wp-content\/uploads\/2024\/01\/Pluxee_Logo_DarkBlue_na-svetly-podklad.svg\" class=\"attachment-full size-full wp-image-5355\" alt=\"\" \/>\t\t\t\t\t\t\t\t\t\t\t\t\t<\/div>\n\t\t\t\t<\/div>\n\t\t\t\t<div class=\"elementor-element elementor-element-cb90d08 elementor-widget elementor-widget-heading\" data-id=\"cb90d08\" data-element_type=\"widget\" data-widget_type=\"heading.default\">\n\t\t\t\t<div class=\"elementor-widget-container\">\n\t\t\t<style>\/*! elementor - v3.23.0 - 25-07-2024 *\/\n.elementor-heading-title{padding:0;margin:0;line-height:1}.elementor-widget-heading .elementor-heading-title[class*=elementor-size-]>a{color:inherit;font-size:inherit;line-height:inherit}.elementor-widget-heading .elementor-heading-title.elementor-size-small{font-size:15px}.elementor-widget-heading .elementor-heading-title.elementor-size-medium{font-size:19px}.elementor-widget-heading .elementor-heading-title.elementor-size-large{font-size:29px}.elementor-widget-heading .elementor-heading-title.elementor-size-xl{font-size:39px}.elementor-widget-heading .elementor-heading-title.elementor-size-xxl{font-size:59px}<\/style><h1 class=\"elementor-heading-title elementor-size-default\">HR port\u00e1l<\/h1>\t\t<\/div>\n\t\t\t\t<\/div>\n\t\t<div class=\"elementor-element elementor-element-d807534 e-con-full e-flex e-con e-child\" data-id=\"d807534\" data-element_type=\"container\">\n\t\t<div class=\"elementor-element elementor-element-bad29f5 e-con-full e-flex e-con e-child\" data-id=\"bad29f5\" data-element_type=\"container\">\n\t\t\t\t<div class=\"elementor-element elementor-element-bcc461b elementor-widget elementor-widget-text-editor\" data-id=\"bcc461b\" data-element_type=\"widget\" data-widget_type=\"text-editor.default\">\n\t\t\t\t<div class=\"elementor-widget-container\">\n\t\t\t<style>\/*! elementor - v3.23.0 - 25-07-2024 *\/\n.elementor-widget-text-editor.elementor-drop-cap-view-stacked .elementor-drop-cap{background-color:#69727d;color:#fff}.elementor-widget-text-editor.elementor-drop-cap-view-framed .elementor-drop-cap{color:#69727d;border:3px solid;background-color:transparent}.elementor-widget-text-editor:not(.elementor-drop-cap-view-default) .elementor-drop-cap{margin-top:8px}.elementor-widget-text-editor:not(.elementor-drop-cap-view-default) .elementor-drop-cap-letter{width:1em;height:1em}.elementor-widget-text-editor .elementor-drop-cap{float:left;text-align:center;line-height:1;font-size:50px}.elementor-widget-text-editor .elementor-drop-cap-letter{display:inline-block}<\/style>\t\t\t\t<p><strong>P\u0159ihl\u00e1\u0161en\u00ed p\u0159es Pluxee Connect do HR port\u00e1lu.<\/strong><\/p>\t\t\t\t\t\t<\/div>\n\t\t\t\t<\/div>\n\t\t\t\t<div class=\"elementor-element elementor-element-62584ac elementor-widget elementor-widget-wp-widget-mooauth_widget\" data-id=\"62584ac\" data-element_type=\"widget\" data-widget_type=\"wp-widget-mooauth_widget.default\">\n\t\t\t\t<div class=\"elementor-widget-container\">\n\t\t\t\t<script type=\"text\/javascript\">\n\n\t\tfunction HandlePopupResult(result) {\n\t\t\twindow.location.href = result;\n\t\t}\n\n\t\tfunction moOAuthLoginNew(app_name) {\n\t\t\twindow.location.href = 'https:\/\/hrportal.ucet.pluxee.cz' + '\/?option=oauthredirect&app_name=' + app_name;\n\t\t}\n\t<\/script>\n\t\t<style>.oauthloginbutton{background: #7272dc;height:40px;padding:8px;text-align:center;color:#fff;}<\/style><a style=\"text-decoration:none\" href=\"javascript:void(0)\" onClick=\"moOAuthLoginNew('login sodexo');\"><div class=\"mo_oauth_login_button_widget\"><i class=\"fa fa-lock mo_oauth_login_button_icon_widget\"><\/i><h3 class=\"mo_oauth_login_button_text_widget\">P\u0159ihl\u00e1sit do HR port\u00e1lu<\/h3><\/div><\/a>\t\t<\/div>\n\t\t\t\t<\/div>\n\t\t\t\t<\/div>\n\t\t<div class=\"elementor-element elementor-element-d744ae1 e-con-full e-flex e-con e-child\" data-id=\"d744ae1\" data-element_type=\"container\">\n\t\t\t\t<div class=\"elementor-element elementor-element-e9c2eeb elementor-widget elementor-widget-text-editor\" data-id=\"e9c2eeb\" data-element_type=\"widget\" data-widget_type=\"text-editor.default\">\n\t\t\t\t<div class=\"elementor-widget-container\">\n\t\t\t\t\t\t\t<p>Nevyu\u017e\u00edv\u00e1 va\u0161e firma je\u0161t\u011b na\u0161ich benefit\u016f?<\/p>\t\t\t\t\t\t<\/div>\n\t\t\t\t<\/div>\n\t\t\t\t<div class=\"elementor-element elementor-element-22a28c3 elementor-align-center elementor-widget elementor-widget-button\" data-id=\"22a28c3\" data-element_type=\"widget\" data-widget_type=\"button.default\">\n\t\t\t\t<div class=\"elementor-widget-container\">\n\t\t\t\t\t<div class=\"elementor-button-wrapper\">\n\t\t\t<a class=\"elementor-button elementor-button-link elementor-size-sm\" href=\"https:\/\/www.pluxee.cz\/kontakty\/mam-zajem-o-produkt\/\" target=\"_blank\">\n\t\t\t\t\t\t<span class=\"elementor-button-content-wrapper\">\n\t\t\t\t\t\t\t\t\t<span class=\"elementor-button-text\">Kontaktujte n\u00e1s<\/span>\n\t\t\t\t\t<\/span>\n\t\t\t\t\t<\/a>\n\t\t<\/div>\n\t\t\t\t<\/div>\n\t\t\t\t<\/div>\n\t\t\t\t<\/div>\n\t\t\t\t<\/div>\n\t\t\t\t<\/div>\n\t\t\t\t\t<\/div>\n\t\t\t\t<\/div>\n\t\t\t\t<\/div>\n\t\t","protected":false},"excerpt":{"rendered":"<p>HR port\u00e1l P\u0159ihl\u00e1\u0161en\u00ed p\u0159es Pluxee Connect do HR port\u00e1lu. Nevyu\u017e\u00edv\u00e1 va\u0161e firma je\u0161t\u011b na\u0161ich benefit\u016f? Kontaktujte n\u00e1s<\/p>\n","protected":false},"author":524,"featured_media":0,"parent":0,"menu_order":0,"comment_status":"closed","ping_status":"closed","template":"elementor_canvas","meta":{"footnotes":""},"acf":[],"_links":{"self":[{"href":"https:\/\/hrportal.ucet.pluxee.cz\/index.php\/wp-json\/wp\/v2\/pages\/5280"}],"collection":[{"href":"https:\/\/hrportal.ucet.pluxee.cz\/index.php\/wp-json\/wp\/v2\/pages"}],"about":[{"href":"https:\/\/hrportal.ucet.pluxee.cz\/index.php\/wp-json\/wp\/v2\/types\/page"}],"author":[{"embeddable":true,"href":"https:\/\/hrportal.ucet.pluxee.cz\/index.php\/wp-json\/wp\/v2\/users\/524"}],"replies":[{"embeddable":true,"href":"https:\/\/hrportal.ucet.pluxee.cz\/index.php\/wp-json\/wp\/v2\/comments?post=5280"}],"version-history":[{"count":0,"href":"https:\/\/hrportal.ucet.pluxee.cz\/index.php\/wp-json\/wp\/v2\/pages\/5280\/revisions"}],"wp:attachment":[{"href":"https:\/\/hrportal.ucet.pluxee.cz\/index.php\/wp-json\/wp\/v2\/media?parent=5280"}],"curies":[{"name":"wp","href":"https:\/\/api.w.org\/{rel}","templated":true}]}}